{"id":1115,"date":"2019-08-15T15:44:22","date_gmt":"2019-08-15T13:44:22","guid":{"rendered":"https:\/\/wp.bloxprojects.de\/odborne-preklad\/"},"modified":"2023-08-22T10:33:19","modified_gmt":"2023-08-22T08:33:19","slug":"odborne-preklad","status":"publish","type":"page","link":"https:\/\/riediger-legal.com\/cs\/odborne-preklad\/","title":{"rendered":"Odborn\u00e9 p\u0159eklad v N\u011bmecku, \u010cesk\u00e9 republice a Polsku"},"content":{"rendered":"","protected":false},"excerpt":{"rendered":"","protected":false},"author":2,"featured_media":0,"parent":0,"menu_order":0,"comment_status":"closed","ping_status":"closed","template":"","meta":{"_acf_changed":false,"footnotes":""},"class_list":["post-1115","page","type-page","status-publish","hentry"],"acf":[],"yoast_head":"<!-- This site is optimized with the Yoast SEO Premium plugin v27.3 (Yoast SEO v27.3) - https:\/\/yoast.com\/product\/yoast-seo-premium-wordpress\/ -->\n<title>Odborn\u00e9 p\u0159eklad v N\u011bmecku, \u010cesk\u00e9 republice a Polsku - RIEDIGER. legal | tax Rechtsanwaltsgesellschaft mbH<\/title>\n<meta name=\"description\" content=\"Odborn\u00e9 p\u0159eklady pro r\u016fzn\u00e9 obory. Sv\u011b\u0159te se na\u0161emu t\u00fdmu odborn\u00edk\u016f, kte\u0159\u00ed se staraj\u00ed o jazykovou dokonalost a glob\u00e1ln\u00ed komunikaci.\" \/>\n<meta name=\"robots\" content=\"index, follow, max-snippet:-1, max-image-preview:large, max-video-preview:-1\" \/>\n<meta property=\"og:locale\" content=\"cs_CZ\" \/>\n<meta property=\"og:type\" content=\"article\" \/>\n<meta property=\"og:title\" content=\"Odborn\u00e9 p\u0159eklad v N\u011bmecku, \u010cesk\u00e9 republice a Polsku\" \/>\n<meta property=\"og:description\" content=\"Odborn\u00e9 p\u0159eklady pro r\u016fzn\u00e9 obory. Sv\u011b\u0159te se na\u0161emu t\u00fdmu odborn\u00edk\u016f, kte\u0159\u00ed se staraj\u00ed o jazykovou dokonalost a glob\u00e1ln\u00ed komunikaci.\" \/>\n<meta property=\"og:url\" content=\"https:\/\/riediger-legal.com\/cs\/odborne-preklad\/\" \/>\n<meta property=\"og:site_name\" content=\"RIEDIGER. legal | tax Rechtsanwaltsgesellschaft mbH\" \/>\n<meta property=\"article:modified_time\" content=\"2023-08-22T08:33:19+00:00\" \/>\n<meta name=\"twitter:card\" content=\"summary_large_image\" \/>\n<script type=\"application\/ld+json\" class=\"yoast-schema-graph\">{\"@context\":\"https:\\\/\\\/schema.org\",\"@graph\":[{\"@type\":\"WebPage\",\"@id\":\"https:\\\/\\\/riediger-legal.com\\\/cs\\\/odborne-preklad\\\/\",\"url\":\"https:\\\/\\\/riediger-legal.com\\\/cs\\\/odborne-preklad\\\/\",\"name\":\"Odborn\u00e9 p\u0159eklad v N\u011bmecku, \u010cesk\u00e9 republice a Polsku - RIEDIGER. legal | tax Rechtsanwaltsgesellschaft mbH\",\"isPartOf\":{\"@id\":\"https:\\\/\\\/riediger-legal.com\\\/cs\\\/#website\"},\"datePublished\":\"2019-08-15T13:44:22+00:00\",\"dateModified\":\"2023-08-22T08:33:19+00:00\",\"description\":\"Odborn\u00e9 p\u0159eklady pro r\u016fzn\u00e9 obory. Sv\u011b\u0159te se na\u0161emu t\u00fdmu odborn\u00edk\u016f, kte\u0159\u00ed se staraj\u00ed o jazykovou dokonalost a glob\u00e1ln\u00ed komunikaci.\",\"breadcrumb\":{\"@id\":\"https:\\\/\\\/riediger-legal.com\\\/cs\\\/odborne-preklad\\\/#breadcrumb\"},\"inLanguage\":\"cs\",\"potentialAction\":[{\"@type\":\"ReadAction\",\"target\":[\"https:\\\/\\\/riediger-legal.com\\\/cs\\\/odborne-preklad\\\/\"]}]},{\"@type\":\"BreadcrumbList\",\"@id\":\"https:\\\/\\\/riediger-legal.com\\\/cs\\\/odborne-preklad\\\/#breadcrumb\",\"itemListElement\":[{\"@type\":\"ListItem\",\"position\":1,\"name\":\"Startseite\",\"item\":\"https:\\\/\\\/riediger-legal.com\\\/cs\\\/\"},{\"@type\":\"ListItem\",\"position\":2,\"name\":\"Odborn\u00e9 p\u0159eklad v N\u011bmecku, \u010cesk\u00e9 republice a Polsku\"}]},{\"@type\":\"WebSite\",\"@id\":\"https:\\\/\\\/riediger-legal.com\\\/cs\\\/#website\",\"url\":\"https:\\\/\\\/riediger-legal.com\\\/cs\\\/\",\"name\":\"RIEDIGER. legal | tax Rechtsanwaltsgesellschaft mbH\",\"description\":\"\",\"publisher\":{\"@id\":\"https:\\\/\\\/riediger-legal.com\\\/cs\\\/#organization\"},\"potentialAction\":[{\"@type\":\"SearchAction\",\"target\":{\"@type\":\"EntryPoint\",\"urlTemplate\":\"https:\\\/\\\/riediger-legal.com\\\/cs\\\/?s={search_term_string}\"},\"query-input\":{\"@type\":\"PropertyValueSpecification\",\"valueRequired\":true,\"valueName\":\"search_term_string\"}}],\"inLanguage\":\"cs\"},{\"@type\":\"Organization\",\"@id\":\"https:\\\/\\\/riediger-legal.com\\\/cs\\\/#organization\",\"name\":\"RIEDIGER. legal | tax Rechtsanwaltsgesellschaft mbH\",\"url\":\"https:\\\/\\\/riediger-legal.com\\\/cs\\\/\",\"logo\":{\"@type\":\"ImageObject\",\"inLanguage\":\"cs\",\"@id\":\"https:\\\/\\\/riediger-legal.com\\\/cs\\\/#\\\/schema\\\/logo\\\/image\\\/\",\"url\":\"https:\\\/\\\/riediger-legal.com\\\/wp-content\\\/uploads\\\/2024\\\/10\\\/Logo.png\",\"contentUrl\":\"https:\\\/\\\/riediger-legal.com\\\/wp-content\\\/uploads\\\/2024\\\/10\\\/Logo.png\",\"width\":592,\"height\":354,\"caption\":\"RIEDIGER. legal | tax Rechtsanwaltsgesellschaft mbH\"},\"image\":{\"@id\":\"https:\\\/\\\/riediger-legal.com\\\/cs\\\/#\\\/schema\\\/logo\\\/image\\\/\"},\"sameAs\":[\"https:\\\/\\\/www.linkedin.com\\\/analytics\\\/creator\\\/top-posts\\\/?metricType=IMPRESSIONS&resultType=DUMMY&timeRange=past_7_days&midToken=AQHCpc28UAVXmA&midSig=3_QkfydKYZ0Xo1&trk=eml-email_weekly_analytics_recap-email~weekly~analytics~recap-0-cta~top~performing~post&trkEmail=eml-email_weekly_analytics_recap-email~weekly~analytics~recap-0-cta~top~performing~post-null-au4m5u~lz8aaxki~jh-null-null&eid=au4m5u-lz8aaxki-jh&otpToken=MTQwMDFiZTIxNDJiY2NjY2IyMjQwNGVkNDQxY2U0Yjc4YWM2ZDY0MjlmYWY4ZjYxNmNjZTAzNjg0ODU4NWJmYmZmZDVkZjg5NmFiMGNhZmE2NGZjZDIxNTg5YTBmOTZhMWFiNTMwMWJlMDc2ODYxNTNmNTdiOCwxLDE\"]}]}<\/script>\n<!-- \/ Yoast SEO Premium plugin. -->","yoast_head_json":{"title":"Odborn\u00e9 p\u0159eklad v N\u011bmecku, \u010cesk\u00e9 republice a Polsku - RIEDIGER. legal | tax Rechtsanwaltsgesellschaft mbH","description":"Odborn\u00e9 p\u0159eklady pro r\u016fzn\u00e9 obory. Sv\u011b\u0159te se na\u0161emu t\u00fdmu odborn\u00edk\u016f, kte\u0159\u00ed se staraj\u00ed o jazykovou dokonalost a glob\u00e1ln\u00ed komunikaci.","robots":{"index":"index","follow":"follow","max-snippet":"max-snippet:-1","max-image-preview":"max-image-preview:large","max-video-preview":"max-video-preview:-1"},"og_locale":"cs_CZ","og_type":"article","og_title":"Odborn\u00e9 p\u0159eklad v N\u011bmecku, \u010cesk\u00e9 republice a Polsku","og_description":"Odborn\u00e9 p\u0159eklady pro r\u016fzn\u00e9 obory. Sv\u011b\u0159te se na\u0161emu t\u00fdmu odborn\u00edk\u016f, kte\u0159\u00ed se staraj\u00ed o jazykovou dokonalost a glob\u00e1ln\u00ed komunikaci.","og_url":"https:\/\/riediger-legal.com\/cs\/odborne-preklad\/","og_site_name":"RIEDIGER. legal | tax Rechtsanwaltsgesellschaft mbH","article_modified_time":"2023-08-22T08:33:19+00:00","twitter_card":"summary_large_image","schema":{"@context":"https:\/\/schema.org","@graph":[{"@type":"WebPage","@id":"https:\/\/riediger-legal.com\/cs\/odborne-preklad\/","url":"https:\/\/riediger-legal.com\/cs\/odborne-preklad\/","name":"Odborn\u00e9 p\u0159eklad v N\u011bmecku, \u010cesk\u00e9 republice a Polsku - RIEDIGER. legal | tax Rechtsanwaltsgesellschaft mbH","isPartOf":{"@id":"https:\/\/riediger-legal.com\/cs\/#website"},"datePublished":"2019-08-15T13:44:22+00:00","dateModified":"2023-08-22T08:33:19+00:00","description":"Odborn\u00e9 p\u0159eklady pro r\u016fzn\u00e9 obory. Sv\u011b\u0159te se na\u0161emu t\u00fdmu odborn\u00edk\u016f, kte\u0159\u00ed se staraj\u00ed o jazykovou dokonalost a glob\u00e1ln\u00ed komunikaci.","breadcrumb":{"@id":"https:\/\/riediger-legal.com\/cs\/odborne-preklad\/#breadcrumb"},"inLanguage":"cs","potentialAction":[{"@type":"ReadAction","target":["https:\/\/riediger-legal.com\/cs\/odborne-preklad\/"]}]},{"@type":"BreadcrumbList","@id":"https:\/\/riediger-legal.com\/cs\/odborne-preklad\/#breadcrumb","itemListElement":[{"@type":"ListItem","position":1,"name":"Startseite","item":"https:\/\/riediger-legal.com\/cs\/"},{"@type":"ListItem","position":2,"name":"Odborn\u00e9 p\u0159eklad v N\u011bmecku, \u010cesk\u00e9 republice a Polsku"}]},{"@type":"WebSite","@id":"https:\/\/riediger-legal.com\/cs\/#website","url":"https:\/\/riediger-legal.com\/cs\/","name":"RIEDIGER. legal | tax Rechtsanwaltsgesellschaft mbH","description":"","publisher":{"@id":"https:\/\/riediger-legal.com\/cs\/#organization"},"potentialAction":[{"@type":"SearchAction","target":{"@type":"EntryPoint","urlTemplate":"https:\/\/riediger-legal.com\/cs\/?s={search_term_string}"},"query-input":{"@type":"PropertyValueSpecification","valueRequired":true,"valueName":"search_term_string"}}],"inLanguage":"cs"},{"@type":"Organization","@id":"https:\/\/riediger-legal.com\/cs\/#organization","name":"RIEDIGER. legal | tax Rechtsanwaltsgesellschaft mbH","url":"https:\/\/riediger-legal.com\/cs\/","logo":{"@type":"ImageObject","inLanguage":"cs","@id":"https:\/\/riediger-legal.com\/cs\/#\/schema\/logo\/image\/","url":"https:\/\/riediger-legal.com\/wp-content\/uploads\/2024\/10\/Logo.png","contentUrl":"https:\/\/riediger-legal.com\/wp-content\/uploads\/2024\/10\/Logo.png","width":592,"height":354,"caption":"RIEDIGER. legal | tax Rechtsanwaltsgesellschaft mbH"},"image":{"@id":"https:\/\/riediger-legal.com\/cs\/#\/schema\/logo\/image\/"},"sameAs":["https:\/\/www.linkedin.com\/analytics\/creator\/top-posts\/?metricType=IMPRESSIONS&resultType=DUMMY&timeRange=past_7_days&midToken=AQHCpc28UAVXmA&midSig=3_QkfydKYZ0Xo1&trk=eml-email_weekly_analytics_recap-email~weekly~analytics~recap-0-cta~top~performing~post&trkEmail=eml-email_weekly_analytics_recap-email~weekly~analytics~recap-0-cta~top~performing~post-null-au4m5u~lz8aaxki~jh-null-null&eid=au4m5u-lz8aaxki-jh&otpToken=MTQwMDFiZTIxNDJiY2NjY2IyMjQwNGVkNDQxY2U0Yjc4YWM2ZDY0MjlmYWY4ZjYxNmNjZTAzNjg0ODU4NWJmYmZmZDVkZjg5NmFiMGNhZmE2NGZjZDIxNTg5YTBmOTZhMWFiNTMwMWJlMDc2ODYxNTNmNTdiOCwxLDE"]}]}},"_links":{"self":[{"href":"https:\/\/riediger-legal.com\/cs\/wp-json\/wp\/v2\/pages\/1115","targetHints":{"allow":["GET"]}}],"collection":[{"href":"https:\/\/riediger-legal.com\/cs\/wp-json\/wp\/v2\/pages"}],"about":[{"href":"https:\/\/riediger-legal.com\/cs\/wp-json\/wp\/v2\/types\/page"}],"author":[{"embeddable":true,"href":"https:\/\/riediger-legal.com\/cs\/wp-json\/wp\/v2\/users\/2"}],"replies":[{"embeddable":true,"href":"https:\/\/riediger-legal.com\/cs\/wp-json\/wp\/v2\/comments?post=1115"}],"version-history":[{"count":3,"href":"https:\/\/riediger-legal.com\/cs\/wp-json\/wp\/v2\/pages\/1115\/revisions"}],"predecessor-version":[{"id":4323,"href":"https:\/\/riediger-legal.com\/cs\/wp-json\/wp\/v2\/pages\/1115\/revisions\/4323"}],"wp:attachment":[{"href":"https:\/\/riediger-legal.com\/cs\/wp-json\/wp\/v2\/media?parent=1115"}],"curies":[{"name":"wp","href":"https:\/\/api.w.org\/{rel}","templated":true}]}}