{"id":5592,"date":"2025-06-23T10:42:53","date_gmt":"2025-06-23T08:42:53","guid":{"rendered":"https:\/\/riediger-legal.com\/nedostatek-kvalifikovane-pracovni-sily\/"},"modified":"2025-06-23T10:49:26","modified_gmt":"2025-06-23T08:49:26","slug":"nedostatek-kvalifikovane-pracovni-sily","status":"publish","type":"page","link":"https:\/\/riediger-legal.com\/cs\/nedostatek-kvalifikovane-pracovni-sily\/","title":{"rendered":"Nedostatek kvalifikovan\u00e9 pracovn\u00ed s\u00edly"},"content":{"rendered":"","protected":false},"excerpt":{"rendered":"","protected":false},"author":10,"featured_media":0,"parent":0,"menu_order":0,"comment_status":"closed","ping_status":"closed","template":"","meta":{"_acf_changed":false,"footnotes":""},"class_list":["post-5592","page","type-page","status-publish","hentry"],"acf":[],"yoast_head":"<!-- This site is optimized with the Yoast SEO Premium plugin v27.1 (Yoast SEO v27.1.1) - https:\/\/yoast.com\/product\/yoast-seo-premium-wordpress\/ -->\n<title>Nedostatek kvalifikovan\u00e9 pracovn\u00ed s\u00edly - RIEDIGER. legal | tax Rechtsanwaltsgesellschaft mbH<\/title>\n<meta name=\"description\" content=\"Ekonomika m\u00e1 probl\u00e9m. Nedostatek kvalifikovan\u00e9 pracovn\u00ed s\u00edly. Demografick\u00e9 zm\u011bny ne\u010dekaj\u00ed na strategick\u00e9 sch\u016fzky. Pochopili jsme to.\" \/>\n<meta name=\"robots\" content=\"index, follow, max-snippet:-1, max-image-preview:large, max-video-preview:-1\" \/>\n<meta property=\"og:locale\" content=\"cs_CZ\" \/>\n<meta property=\"og:type\" content=\"article\" \/>\n<meta property=\"og:title\" content=\"Nedostatek kvalifikovan\u00e9 pracovn\u00ed s\u00edly\" \/>\n<meta property=\"og:description\" content=\"Ekonomika m\u00e1 probl\u00e9m. Nedostatek kvalifikovan\u00e9 pracovn\u00ed s\u00edly. Demografick\u00e9 zm\u011bny ne\u010dekaj\u00ed na strategick\u00e9 sch\u016fzky. Pochopili jsme to.\" \/>\n<meta property=\"og:url\" content=\"https:\/\/riediger-legal.com\/cs\/nedostatek-kvalifikovane-pracovni-sily\/\" \/>\n<meta property=\"og:site_name\" content=\"RIEDIGER. legal | tax Rechtsanwaltsgesellschaft mbH\" \/>\n<meta property=\"article:modified_time\" content=\"2025-06-23T08:49:26+00:00\" \/>\n<meta name=\"twitter:card\" content=\"summary_large_image\" \/>\n<script type=\"application\/ld+json\" class=\"yoast-schema-graph\">{\"@context\":\"https:\/\/schema.org\",\"@graph\":[{\"@type\":\"WebPage\",\"@id\":\"https:\/\/riediger-legal.com\/cs\/nedostatek-kvalifikovane-pracovni-sily\/\",\"url\":\"https:\/\/riediger-legal.com\/cs\/nedostatek-kvalifikovane-pracovni-sily\/\",\"name\":\"Nedostatek kvalifikovan\u00e9 pracovn\u00ed s\u00edly - RIEDIGER. legal | tax Rechtsanwaltsgesellschaft mbH\",\"isPartOf\":{\"@id\":\"https:\/\/riediger-legal.com\/cs\/#website\"},\"datePublished\":\"2025-06-23T08:42:53+00:00\",\"dateModified\":\"2025-06-23T08:49:26+00:00\",\"description\":\"Ekonomika m\u00e1 probl\u00e9m. Nedostatek kvalifikovan\u00e9 pracovn\u00ed s\u00edly. Demografick\u00e9 zm\u011bny ne\u010dekaj\u00ed na strategick\u00e9 sch\u016fzky. Pochopili jsme to.\",\"breadcrumb\":{\"@id\":\"https:\/\/riediger-legal.com\/cs\/nedostatek-kvalifikovane-pracovni-sily\/#breadcrumb\"},\"inLanguage\":\"cs\",\"potentialAction\":[{\"@type\":\"ReadAction\",\"target\":[\"https:\/\/riediger-legal.com\/cs\/nedostatek-kvalifikovane-pracovni-sily\/\"]}]},{\"@type\":\"BreadcrumbList\",\"@id\":\"https:\/\/riediger-legal.com\/cs\/nedostatek-kvalifikovane-pracovni-sily\/#breadcrumb\",\"itemListElement\":[{\"@type\":\"ListItem\",\"position\":1,\"name\":\"Startseite\",\"item\":\"https:\/\/riediger-legal.com\/cs\/\"},{\"@type\":\"ListItem\",\"position\":2,\"name\":\"Nedostatek kvalifikovan\u00e9 pracovn\u00ed s\u00edly\"}]},{\"@type\":\"WebSite\",\"@id\":\"https:\/\/riediger-legal.com\/cs\/#website\",\"url\":\"https:\/\/riediger-legal.com\/cs\/\",\"name\":\"RIEDIGER. legal | tax Rechtsanwaltsgesellschaft mbH\",\"description\":\"\",\"publisher\":{\"@id\":\"https:\/\/riediger-legal.com\/cs\/#organization\"},\"potentialAction\":[{\"@type\":\"SearchAction\",\"target\":{\"@type\":\"EntryPoint\",\"urlTemplate\":\"https:\/\/riediger-legal.com\/cs\/?s={search_term_string}\"},\"query-input\":{\"@type\":\"PropertyValueSpecification\",\"valueRequired\":true,\"valueName\":\"search_term_string\"}}],\"inLanguage\":\"cs\"},{\"@type\":\"Organization\",\"@id\":\"https:\/\/riediger-legal.com\/cs\/#organization\",\"name\":\"RIEDIGER. legal | tax Rechtsanwaltsgesellschaft mbH\",\"url\":\"https:\/\/riediger-legal.com\/cs\/\",\"logo\":{\"@type\":\"ImageObject\",\"inLanguage\":\"cs\",\"@id\":\"https:\/\/riediger-legal.com\/cs\/#\/schema\/logo\/image\/\",\"url\":\"https:\/\/riediger-legal.com\/wp-content\/uploads\/2024\/10\/Logo.png\",\"contentUrl\":\"https:\/\/riediger-legal.com\/wp-content\/uploads\/2024\/10\/Logo.png\",\"width\":592,\"height\":354,\"caption\":\"RIEDIGER. legal | tax Rechtsanwaltsgesellschaft mbH\"},\"image\":{\"@id\":\"https:\/\/riediger-legal.com\/cs\/#\/schema\/logo\/image\/\"},\"sameAs\":[\"https:\/\/www.linkedin.com\/analytics\/creator\/top-posts\/?metricType=IMPRESSIONS&resultType=DUMMY&timeRange=past_7_days&midToken=AQHCpc28UAVXmA&midSig=3_QkfydKYZ0Xo1&trk=eml-email_weekly_analytics_recap-email~weekly~analytics~recap-0-cta~top~performing~post&trkEmail=eml-email_weekly_analytics_recap-email~weekly~analytics~recap-0-cta~top~performing~post-null-au4m5u~lz8aaxki~jh-null-null&eid=au4m5u-lz8aaxki-jh&otpToken=MTQwMDFiZTIxNDJiY2NjY2IyMjQwNGVkNDQxY2U0Yjc4YWM2ZDY0MjlmYWY4ZjYxNmNjZTAzNjg0ODU4NWJmYmZmZDVkZjg5NmFiMGNhZmE2NGZjZDIxNTg5YTBmOTZhMWFiNTMwMWJlMDc2ODYxNTNmNTdiOCwxLDE\"]}]}<\/script>\n<!-- \/ Yoast SEO Premium plugin. -->","yoast_head_json":{"title":"Nedostatek kvalifikovan\u00e9 pracovn\u00ed s\u00edly - RIEDIGER. legal | tax Rechtsanwaltsgesellschaft mbH","description":"Ekonomika m\u00e1 probl\u00e9m. Nedostatek kvalifikovan\u00e9 pracovn\u00ed s\u00edly. Demografick\u00e9 zm\u011bny ne\u010dekaj\u00ed na strategick\u00e9 sch\u016fzky. Pochopili jsme to.","robots":{"index":"index","follow":"follow","max-snippet":"max-snippet:-1","max-image-preview":"max-image-preview:large","max-video-preview":"max-video-preview:-1"},"og_locale":"cs_CZ","og_type":"article","og_title":"Nedostatek kvalifikovan\u00e9 pracovn\u00ed s\u00edly","og_description":"Ekonomika m\u00e1 probl\u00e9m. Nedostatek kvalifikovan\u00e9 pracovn\u00ed s\u00edly. Demografick\u00e9 zm\u011bny ne\u010dekaj\u00ed na strategick\u00e9 sch\u016fzky. Pochopili jsme to.","og_url":"https:\/\/riediger-legal.com\/cs\/nedostatek-kvalifikovane-pracovni-sily\/","og_site_name":"RIEDIGER. legal | tax Rechtsanwaltsgesellschaft mbH","article_modified_time":"2025-06-23T08:49:26+00:00","twitter_card":"summary_large_image","schema":{"@context":"https:\/\/schema.org","@graph":[{"@type":"WebPage","@id":"https:\/\/riediger-legal.com\/cs\/nedostatek-kvalifikovane-pracovni-sily\/","url":"https:\/\/riediger-legal.com\/cs\/nedostatek-kvalifikovane-pracovni-sily\/","name":"Nedostatek kvalifikovan\u00e9 pracovn\u00ed s\u00edly - RIEDIGER. legal | tax Rechtsanwaltsgesellschaft mbH","isPartOf":{"@id":"https:\/\/riediger-legal.com\/cs\/#website"},"datePublished":"2025-06-23T08:42:53+00:00","dateModified":"2025-06-23T08:49:26+00:00","description":"Ekonomika m\u00e1 probl\u00e9m. Nedostatek kvalifikovan\u00e9 pracovn\u00ed s\u00edly. Demografick\u00e9 zm\u011bny ne\u010dekaj\u00ed na strategick\u00e9 sch\u016fzky. Pochopili jsme to.","breadcrumb":{"@id":"https:\/\/riediger-legal.com\/cs\/nedostatek-kvalifikovane-pracovni-sily\/#breadcrumb"},"inLanguage":"cs","potentialAction":[{"@type":"ReadAction","target":["https:\/\/riediger-legal.com\/cs\/nedostatek-kvalifikovane-pracovni-sily\/"]}]},{"@type":"BreadcrumbList","@id":"https:\/\/riediger-legal.com\/cs\/nedostatek-kvalifikovane-pracovni-sily\/#breadcrumb","itemListElement":[{"@type":"ListItem","position":1,"name":"Startseite","item":"https:\/\/riediger-legal.com\/cs\/"},{"@type":"ListItem","position":2,"name":"Nedostatek kvalifikovan\u00e9 pracovn\u00ed s\u00edly"}]},{"@type":"WebSite","@id":"https:\/\/riediger-legal.com\/cs\/#website","url":"https:\/\/riediger-legal.com\/cs\/","name":"RIEDIGER. legal | tax Rechtsanwaltsgesellschaft mbH","description":"","publisher":{"@id":"https:\/\/riediger-legal.com\/cs\/#organization"},"potentialAction":[{"@type":"SearchAction","target":{"@type":"EntryPoint","urlTemplate":"https:\/\/riediger-legal.com\/cs\/?s={search_term_string}"},"query-input":{"@type":"PropertyValueSpecification","valueRequired":true,"valueName":"search_term_string"}}],"inLanguage":"cs"},{"@type":"Organization","@id":"https:\/\/riediger-legal.com\/cs\/#organization","name":"RIEDIGER. legal | tax Rechtsanwaltsgesellschaft mbH","url":"https:\/\/riediger-legal.com\/cs\/","logo":{"@type":"ImageObject","inLanguage":"cs","@id":"https:\/\/riediger-legal.com\/cs\/#\/schema\/logo\/image\/","url":"https:\/\/riediger-legal.com\/wp-content\/uploads\/2024\/10\/Logo.png","contentUrl":"https:\/\/riediger-legal.com\/wp-content\/uploads\/2024\/10\/Logo.png","width":592,"height":354,"caption":"RIEDIGER. legal | tax Rechtsanwaltsgesellschaft mbH"},"image":{"@id":"https:\/\/riediger-legal.com\/cs\/#\/schema\/logo\/image\/"},"sameAs":["https:\/\/www.linkedin.com\/analytics\/creator\/top-posts\/?metricType=IMPRESSIONS&resultType=DUMMY&timeRange=past_7_days&midToken=AQHCpc28UAVXmA&midSig=3_QkfydKYZ0Xo1&trk=eml-email_weekly_analytics_recap-email~weekly~analytics~recap-0-cta~top~performing~post&trkEmail=eml-email_weekly_analytics_recap-email~weekly~analytics~recap-0-cta~top~performing~post-null-au4m5u~lz8aaxki~jh-null-null&eid=au4m5u-lz8aaxki-jh&otpToken=MTQwMDFiZTIxNDJiY2NjY2IyMjQwNGVkNDQxY2U0Yjc4YWM2ZDY0MjlmYWY4ZjYxNmNjZTAzNjg0ODU4NWJmYmZmZDVkZjg5NmFiMGNhZmE2NGZjZDIxNTg5YTBmOTZhMWFiNTMwMWJlMDc2ODYxNTNmNTdiOCwxLDE"]}]}},"_links":{"self":[{"href":"https:\/\/riediger-legal.com\/cs\/wp-json\/wp\/v2\/pages\/5592","targetHints":{"allow":["GET"]}}],"collection":[{"href":"https:\/\/riediger-legal.com\/cs\/wp-json\/wp\/v2\/pages"}],"about":[{"href":"https:\/\/riediger-legal.com\/cs\/wp-json\/wp\/v2\/types\/page"}],"author":[{"embeddable":true,"href":"https:\/\/riediger-legal.com\/cs\/wp-json\/wp\/v2\/users\/10"}],"replies":[{"embeddable":true,"href":"https:\/\/riediger-legal.com\/cs\/wp-json\/wp\/v2\/comments?post=5592"}],"version-history":[{"count":1,"href":"https:\/\/riediger-legal.com\/cs\/wp-json\/wp\/v2\/pages\/5592\/revisions"}],"predecessor-version":[{"id":5594,"href":"https:\/\/riediger-legal.com\/cs\/wp-json\/wp\/v2\/pages\/5592\/revisions\/5594"}],"wp:attachment":[{"href":"https:\/\/riediger-legal.com\/cs\/wp-json\/wp\/v2\/media?parent=5592"}],"curies":[{"name":"wp","href":"https:\/\/api.w.org\/{rel}","templated":true}]}}