{"id":1105,"date":"2019-08-15T15:32:00","date_gmt":"2019-08-15T13:32:00","guid":{"rendered":"https:\/\/wp.bloxprojects.de\/ksiegowosc-placowa-i-finansowa\/"},"modified":"2023-08-22T09:24:45","modified_gmt":"2023-08-22T07:24:45","slug":"ksiegowosc-placowa-i-finansowa","status":"publish","type":"page","link":"https:\/\/riediger-legal.com\/pl\/ksiegowosc-placowa-i-finansowa\/","title":{"rendered":"Ksi\u0119gowo\u015b\u0107 p\u0142acowa i finansowa  w Niemczech, Czechach i Polsce"},"content":{"rendered":"","protected":false},"excerpt":{"rendered":"","protected":false},"author":2,"featured_media":0,"parent":0,"menu_order":0,"comment_status":"closed","ping_status":"closed","template":"","meta":{"_acf_changed":false,"footnotes":""},"class_list":["post-1105","page","type-page","status-publish","hentry"],"acf":[],"yoast_head":"<!-- This site is optimized with the Yoast SEO Premium plugin v27.3 (Yoast SEO v27.3) - https:\/\/yoast.com\/product\/yoast-seo-premium-wordpress\/ -->\n<title>Ksi\u0119gowo\u015b\u0107 p\u0142acowa i finansowa w Niemczech, Czechach i Polsce - RIEDIGER. legal | tax Rechtsanwaltsgesellschaft mbH<\/title>\n<meta name=\"description\" content=\"Outsourcing: Oferujemy ksi\u0119gowo\u015b\u0107 p\u0142acow\u0105 i finansow\u0105 w celu zapewnienia bezb\u0142\u0119dnych list p\u0142ac i zoptymalizowanych proces\u00f3w finansowych.\" \/>\n<meta name=\"robots\" content=\"index, follow, max-snippet:-1, max-image-preview:large, max-video-preview:-1\" \/>\n<meta property=\"og:locale\" content=\"pl_PL\" \/>\n<meta property=\"og:type\" content=\"article\" \/>\n<meta property=\"og:title\" content=\"Ksi\u0119gowo\u015b\u0107 p\u0142acowa i finansowa w Niemczech, Czechach i Polsce\" \/>\n<meta property=\"og:description\" content=\"Outsourcing: Oferujemy ksi\u0119gowo\u015b\u0107 p\u0142acow\u0105 i finansow\u0105 w celu zapewnienia bezb\u0142\u0119dnych list p\u0142ac i zoptymalizowanych proces\u00f3w finansowych.\" \/>\n<meta property=\"og:url\" content=\"https:\/\/riediger-legal.com\/pl\/ksiegowosc-placowa-i-finansowa\/\" \/>\n<meta property=\"og:site_name\" content=\"RIEDIGER. legal | tax Rechtsanwaltsgesellschaft mbH\" \/>\n<meta property=\"article:modified_time\" content=\"2023-08-22T07:24:45+00:00\" \/>\n<meta name=\"twitter:card\" content=\"summary_large_image\" \/>\n<script type=\"application\/ld+json\" class=\"yoast-schema-graph\">{\"@context\":\"https:\\\/\\\/schema.org\",\"@graph\":[{\"@type\":\"WebPage\",\"@id\":\"https:\\\/\\\/riediger-legal.com\\\/pl\\\/ksiegowosc-placowa-i-finansowa\\\/\",\"url\":\"https:\\\/\\\/riediger-legal.com\\\/pl\\\/ksiegowosc-placowa-i-finansowa\\\/\",\"name\":\"Ksi\u0119gowo\u015b\u0107 p\u0142acowa i finansowa w Niemczech, Czechach i Polsce - RIEDIGER. legal | tax Rechtsanwaltsgesellschaft mbH\",\"isPartOf\":{\"@id\":\"https:\\\/\\\/riediger-legal.com\\\/pl\\\/#website\"},\"datePublished\":\"2019-08-15T13:32:00+00:00\",\"dateModified\":\"2023-08-22T07:24:45+00:00\",\"description\":\"Outsourcing: Oferujemy ksi\u0119gowo\u015b\u0107 p\u0142acow\u0105 i finansow\u0105 w celu zapewnienia bezb\u0142\u0119dnych list p\u0142ac i zoptymalizowanych proces\u00f3w finansowych.\",\"breadcrumb\":{\"@id\":\"https:\\\/\\\/riediger-legal.com\\\/pl\\\/ksiegowosc-placowa-i-finansowa\\\/#breadcrumb\"},\"inLanguage\":\"pl-PL\",\"potentialAction\":[{\"@type\":\"ReadAction\",\"target\":[\"https:\\\/\\\/riediger-legal.com\\\/pl\\\/ksiegowosc-placowa-i-finansowa\\\/\"]}]},{\"@type\":\"BreadcrumbList\",\"@id\":\"https:\\\/\\\/riediger-legal.com\\\/pl\\\/ksiegowosc-placowa-i-finansowa\\\/#breadcrumb\",\"itemListElement\":[{\"@type\":\"ListItem\",\"position\":1,\"name\":\"Startseite\",\"item\":\"https:\\\/\\\/riediger-legal.com\\\/pl\\\/\"},{\"@type\":\"ListItem\",\"position\":2,\"name\":\"Ksi\u0119gowo\u015b\u0107 p\u0142acowa i finansowa w Niemczech, Czechach i Polsce\"}]},{\"@type\":\"WebSite\",\"@id\":\"https:\\\/\\\/riediger-legal.com\\\/pl\\\/#website\",\"url\":\"https:\\\/\\\/riediger-legal.com\\\/pl\\\/\",\"name\":\"RIEDIGER. legal | tax Rechtsanwaltsgesellschaft mbH\",\"description\":\"\",\"publisher\":{\"@id\":\"https:\\\/\\\/riediger-legal.com\\\/pl\\\/#organization\"},\"potentialAction\":[{\"@type\":\"SearchAction\",\"target\":{\"@type\":\"EntryPoint\",\"urlTemplate\":\"https:\\\/\\\/riediger-legal.com\\\/pl\\\/?s={search_term_string}\"},\"query-input\":{\"@type\":\"PropertyValueSpecification\",\"valueRequired\":true,\"valueName\":\"search_term_string\"}}],\"inLanguage\":\"pl-PL\"},{\"@type\":\"Organization\",\"@id\":\"https:\\\/\\\/riediger-legal.com\\\/pl\\\/#organization\",\"name\":\"RIEDIGER. legal | tax Rechtsanwaltsgesellschaft mbH\",\"url\":\"https:\\\/\\\/riediger-legal.com\\\/pl\\\/\",\"logo\":{\"@type\":\"ImageObject\",\"inLanguage\":\"pl-PL\",\"@id\":\"https:\\\/\\\/riediger-legal.com\\\/pl\\\/#\\\/schema\\\/logo\\\/image\\\/\",\"url\":\"https:\\\/\\\/riediger-legal.com\\\/wp-content\\\/uploads\\\/2024\\\/10\\\/Logo.png\",\"contentUrl\":\"https:\\\/\\\/riediger-legal.com\\\/wp-content\\\/uploads\\\/2024\\\/10\\\/Logo.png\",\"width\":592,\"height\":354,\"caption\":\"RIEDIGER. legal | tax Rechtsanwaltsgesellschaft mbH\"},\"image\":{\"@id\":\"https:\\\/\\\/riediger-legal.com\\\/pl\\\/#\\\/schema\\\/logo\\\/image\\\/\"},\"sameAs\":[\"https:\\\/\\\/www.linkedin.com\\\/analytics\\\/creator\\\/top-posts\\\/?metricType=IMPRESSIONS&resultType=DUMMY&timeRange=past_7_days&midToken=AQHCpc28UAVXmA&midSig=3_QkfydKYZ0Xo1&trk=eml-email_weekly_analytics_recap-email~weekly~analytics~recap-0-cta~top~performing~post&trkEmail=eml-email_weekly_analytics_recap-email~weekly~analytics~recap-0-cta~top~performing~post-null-au4m5u~lz8aaxki~jh-null-null&eid=au4m5u-lz8aaxki-jh&otpToken=MTQwMDFiZTIxNDJiY2NjY2IyMjQwNGVkNDQxY2U0Yjc4YWM2ZDY0MjlmYWY4ZjYxNmNjZTAzNjg0ODU4NWJmYmZmZDVkZjg5NmFiMGNhZmE2NGZjZDIxNTg5YTBmOTZhMWFiNTMwMWJlMDc2ODYxNTNmNTdiOCwxLDE\"]}]}<\/script>\n<!-- \/ Yoast SEO Premium plugin. -->","yoast_head_json":{"title":"Ksi\u0119gowo\u015b\u0107 p\u0142acowa i finansowa w Niemczech, Czechach i Polsce - RIEDIGER. legal | tax Rechtsanwaltsgesellschaft mbH","description":"Outsourcing: Oferujemy ksi\u0119gowo\u015b\u0107 p\u0142acow\u0105 i finansow\u0105 w celu zapewnienia bezb\u0142\u0119dnych list p\u0142ac i zoptymalizowanych proces\u00f3w finansowych.","robots":{"index":"index","follow":"follow","max-snippet":"max-snippet:-1","max-image-preview":"max-image-preview:large","max-video-preview":"max-video-preview:-1"},"og_locale":"pl_PL","og_type":"article","og_title":"Ksi\u0119gowo\u015b\u0107 p\u0142acowa i finansowa w Niemczech, Czechach i Polsce","og_description":"Outsourcing: Oferujemy ksi\u0119gowo\u015b\u0107 p\u0142acow\u0105 i finansow\u0105 w celu zapewnienia bezb\u0142\u0119dnych list p\u0142ac i zoptymalizowanych proces\u00f3w finansowych.","og_url":"https:\/\/riediger-legal.com\/pl\/ksiegowosc-placowa-i-finansowa\/","og_site_name":"RIEDIGER. legal | tax Rechtsanwaltsgesellschaft mbH","article_modified_time":"2023-08-22T07:24:45+00:00","twitter_card":"summary_large_image","schema":{"@context":"https:\/\/schema.org","@graph":[{"@type":"WebPage","@id":"https:\/\/riediger-legal.com\/pl\/ksiegowosc-placowa-i-finansowa\/","url":"https:\/\/riediger-legal.com\/pl\/ksiegowosc-placowa-i-finansowa\/","name":"Ksi\u0119gowo\u015b\u0107 p\u0142acowa i finansowa w Niemczech, Czechach i Polsce - RIEDIGER. legal | tax Rechtsanwaltsgesellschaft mbH","isPartOf":{"@id":"https:\/\/riediger-legal.com\/pl\/#website"},"datePublished":"2019-08-15T13:32:00+00:00","dateModified":"2023-08-22T07:24:45+00:00","description":"Outsourcing: Oferujemy ksi\u0119gowo\u015b\u0107 p\u0142acow\u0105 i finansow\u0105 w celu zapewnienia bezb\u0142\u0119dnych list p\u0142ac i zoptymalizowanych proces\u00f3w finansowych.","breadcrumb":{"@id":"https:\/\/riediger-legal.com\/pl\/ksiegowosc-placowa-i-finansowa\/#breadcrumb"},"inLanguage":"pl-PL","potentialAction":[{"@type":"ReadAction","target":["https:\/\/riediger-legal.com\/pl\/ksiegowosc-placowa-i-finansowa\/"]}]},{"@type":"BreadcrumbList","@id":"https:\/\/riediger-legal.com\/pl\/ksiegowosc-placowa-i-finansowa\/#breadcrumb","itemListElement":[{"@type":"ListItem","position":1,"name":"Startseite","item":"https:\/\/riediger-legal.com\/pl\/"},{"@type":"ListItem","position":2,"name":"Ksi\u0119gowo\u015b\u0107 p\u0142acowa i finansowa w Niemczech, Czechach i Polsce"}]},{"@type":"WebSite","@id":"https:\/\/riediger-legal.com\/pl\/#website","url":"https:\/\/riediger-legal.com\/pl\/","name":"RIEDIGER. legal | tax Rechtsanwaltsgesellschaft mbH","description":"","publisher":{"@id":"https:\/\/riediger-legal.com\/pl\/#organization"},"potentialAction":[{"@type":"SearchAction","target":{"@type":"EntryPoint","urlTemplate":"https:\/\/riediger-legal.com\/pl\/?s={search_term_string}"},"query-input":{"@type":"PropertyValueSpecification","valueRequired":true,"valueName":"search_term_string"}}],"inLanguage":"pl-PL"},{"@type":"Organization","@id":"https:\/\/riediger-legal.com\/pl\/#organization","name":"RIEDIGER. legal | tax Rechtsanwaltsgesellschaft mbH","url":"https:\/\/riediger-legal.com\/pl\/","logo":{"@type":"ImageObject","inLanguage":"pl-PL","@id":"https:\/\/riediger-legal.com\/pl\/#\/schema\/logo\/image\/","url":"https:\/\/riediger-legal.com\/wp-content\/uploads\/2024\/10\/Logo.png","contentUrl":"https:\/\/riediger-legal.com\/wp-content\/uploads\/2024\/10\/Logo.png","width":592,"height":354,"caption":"RIEDIGER. legal | tax Rechtsanwaltsgesellschaft mbH"},"image":{"@id":"https:\/\/riediger-legal.com\/pl\/#\/schema\/logo\/image\/"},"sameAs":["https:\/\/www.linkedin.com\/analytics\/creator\/top-posts\/?metricType=IMPRESSIONS&resultType=DUMMY&timeRange=past_7_days&midToken=AQHCpc28UAVXmA&midSig=3_QkfydKYZ0Xo1&trk=eml-email_weekly_analytics_recap-email~weekly~analytics~recap-0-cta~top~performing~post&trkEmail=eml-email_weekly_analytics_recap-email~weekly~analytics~recap-0-cta~top~performing~post-null-au4m5u~lz8aaxki~jh-null-null&eid=au4m5u-lz8aaxki-jh&otpToken=MTQwMDFiZTIxNDJiY2NjY2IyMjQwNGVkNDQxY2U0Yjc4YWM2ZDY0MjlmYWY4ZjYxNmNjZTAzNjg0ODU4NWJmYmZmZDVkZjg5NmFiMGNhZmE2NGZjZDIxNTg5YTBmOTZhMWFiNTMwMWJlMDc2ODYxNTNmNTdiOCwxLDE"]}]}},"_links":{"self":[{"href":"https:\/\/riediger-legal.com\/pl\/wp-json\/wp\/v2\/pages\/1105","targetHints":{"allow":["GET"]}}],"collection":[{"href":"https:\/\/riediger-legal.com\/pl\/wp-json\/wp\/v2\/pages"}],"about":[{"href":"https:\/\/riediger-legal.com\/pl\/wp-json\/wp\/v2\/types\/page"}],"author":[{"embeddable":true,"href":"https:\/\/riediger-legal.com\/pl\/wp-json\/wp\/v2\/users\/2"}],"replies":[{"embeddable":true,"href":"https:\/\/riediger-legal.com\/pl\/wp-json\/wp\/v2\/comments?post=1105"}],"version-history":[{"count":3,"href":"https:\/\/riediger-legal.com\/pl\/wp-json\/wp\/v2\/pages\/1105\/revisions"}],"predecessor-version":[{"id":4298,"href":"https:\/\/riediger-legal.com\/pl\/wp-json\/wp\/v2\/pages\/1105\/revisions\/4298"}],"wp:attachment":[{"href":"https:\/\/riediger-legal.com\/pl\/wp-json\/wp\/v2\/media?parent=1105"}],"curies":[{"name":"wp","href":"https:\/\/api.w.org\/{rel}","templated":true}]}}