{"id":4799,"date":"2024-03-22T15:17:40","date_gmt":"2024-03-22T14:17:40","guid":{"rendered":"https:\/\/riediger-legal.com\/my-jako-pracodawca\/"},"modified":"2025-09-30T13:11:48","modified_gmt":"2025-09-30T11:11:48","slug":"my-jako-pracodawca","status":"publish","type":"page","link":"https:\/\/riediger-legal.com\/pl\/my-jako-pracodawca\/","title":{"rendered":"My jako pracodawca"},"content":{"rendered":"","protected":false},"excerpt":{"rendered":"","protected":false},"author":3,"featured_media":0,"parent":0,"menu_order":0,"comment_status":"closed","ping_status":"closed","template":"","meta":{"_acf_changed":false,"footnotes":""},"class_list":["post-4799","page","type-page","status-publish","hentry"],"acf":[],"yoast_head":"<!-- This site is optimized with the Yoast SEO Premium plugin v27.1 (Yoast SEO v27.1.1) - https:\/\/yoast.com\/product\/yoast-seo-premium-wordpress\/ -->\n<title>My jako pracodawca - RIEDIGER. legal | tax Rechtsanwaltsgesellschaft mbH<\/title>\n<meta name=\"description\" content=\"Jako pracodawca uwa\u017camy, \u017ce naszym obowi\u0105zkiem jest stworzenie wyj\u0105tkowego \u015brodowiska pracy dla naszych pracownik\u00f3w.\" \/>\n<meta name=\"robots\" content=\"index, follow, max-snippet:-1, max-image-preview:large, max-video-preview:-1\" \/>\n<meta property=\"og:locale\" content=\"pl_PL\" \/>\n<meta property=\"og:type\" content=\"article\" \/>\n<meta property=\"og:title\" content=\"My jako pracodawca\" \/>\n<meta property=\"og:description\" content=\"Jako pracodawca uwa\u017camy, \u017ce naszym obowi\u0105zkiem jest stworzenie wyj\u0105tkowego \u015brodowiska pracy dla naszych pracownik\u00f3w.\" \/>\n<meta property=\"og:url\" content=\"https:\/\/riediger-legal.com\/pl\/my-jako-pracodawca\/\" \/>\n<meta property=\"og:site_name\" content=\"RIEDIGER. legal | tax Rechtsanwaltsgesellschaft mbH\" \/>\n<meta property=\"article:modified_time\" content=\"2025-09-30T11:11:48+00:00\" \/>\n<meta name=\"twitter:card\" content=\"summary_large_image\" \/>\n<meta name=\"twitter:label1\" content=\"Szacowany czas czytania\" \/>\n\t<meta name=\"twitter:data1\" content=\"5 minut\" \/>\n<script type=\"application\/ld+json\" class=\"yoast-schema-graph\">{\"@context\":\"https:\/\/schema.org\",\"@graph\":[{\"@type\":\"WebPage\",\"@id\":\"https:\/\/riediger-legal.com\/pl\/my-jako-pracodawca\/\",\"url\":\"https:\/\/riediger-legal.com\/pl\/my-jako-pracodawca\/\",\"name\":\"My jako pracodawca - RIEDIGER. legal | tax Rechtsanwaltsgesellschaft mbH\",\"isPartOf\":{\"@id\":\"https:\/\/riediger-legal.com\/pl\/#website\"},\"datePublished\":\"2024-03-22T14:17:40+00:00\",\"dateModified\":\"2025-09-30T11:11:48+00:00\",\"description\":\"Jako pracodawca uwa\u017camy, \u017ce naszym obowi\u0105zkiem jest stworzenie wyj\u0105tkowego \u015brodowiska pracy dla naszych pracownik\u00f3w.\",\"breadcrumb\":{\"@id\":\"https:\/\/riediger-legal.com\/pl\/my-jako-pracodawca\/#breadcrumb\"},\"inLanguage\":\"pl-PL\",\"potentialAction\":[{\"@type\":\"ReadAction\",\"target\":[\"https:\/\/riediger-legal.com\/pl\/my-jako-pracodawca\/\"]}]},{\"@type\":\"BreadcrumbList\",\"@id\":\"https:\/\/riediger-legal.com\/pl\/my-jako-pracodawca\/#breadcrumb\",\"itemListElement\":[{\"@type\":\"ListItem\",\"position\":1,\"name\":\"Startseite\",\"item\":\"https:\/\/riediger-legal.com\/pl\/\"},{\"@type\":\"ListItem\",\"position\":2,\"name\":\"My jako pracodawca\"}]},{\"@type\":\"WebSite\",\"@id\":\"https:\/\/riediger-legal.com\/pl\/#website\",\"url\":\"https:\/\/riediger-legal.com\/pl\/\",\"name\":\"RIEDIGER. legal | tax Rechtsanwaltsgesellschaft mbH\",\"description\":\"\",\"publisher\":{\"@id\":\"https:\/\/riediger-legal.com\/pl\/#organization\"},\"potentialAction\":[{\"@type\":\"SearchAction\",\"target\":{\"@type\":\"EntryPoint\",\"urlTemplate\":\"https:\/\/riediger-legal.com\/pl\/?s={search_term_string}\"},\"query-input\":{\"@type\":\"PropertyValueSpecification\",\"valueRequired\":true,\"valueName\":\"search_term_string\"}}],\"inLanguage\":\"pl-PL\"},{\"@type\":\"Organization\",\"@id\":\"https:\/\/riediger-legal.com\/pl\/#organization\",\"name\":\"RIEDIGER. legal | tax Rechtsanwaltsgesellschaft mbH\",\"url\":\"https:\/\/riediger-legal.com\/pl\/\",\"logo\":{\"@type\":\"ImageObject\",\"inLanguage\":\"pl-PL\",\"@id\":\"https:\/\/riediger-legal.com\/pl\/#\/schema\/logo\/image\/\",\"url\":\"https:\/\/riediger-legal.com\/wp-content\/uploads\/2024\/10\/Logo.png\",\"contentUrl\":\"https:\/\/riediger-legal.com\/wp-content\/uploads\/2024\/10\/Logo.png\",\"width\":592,\"height\":354,\"caption\":\"RIEDIGER. legal | tax Rechtsanwaltsgesellschaft mbH\"},\"image\":{\"@id\":\"https:\/\/riediger-legal.com\/pl\/#\/schema\/logo\/image\/\"},\"sameAs\":[\"https:\/\/www.linkedin.com\/analytics\/creator\/top-posts\/?metricType=IMPRESSIONS&resultType=DUMMY&timeRange=past_7_days&midToken=AQHCpc28UAVXmA&midSig=3_QkfydKYZ0Xo1&trk=eml-email_weekly_analytics_recap-email~weekly~analytics~recap-0-cta~top~performing~post&trkEmail=eml-email_weekly_analytics_recap-email~weekly~analytics~recap-0-cta~top~performing~post-null-au4m5u~lz8aaxki~jh-null-null&eid=au4m5u-lz8aaxki-jh&otpToken=MTQwMDFiZTIxNDJiY2NjY2IyMjQwNGVkNDQxY2U0Yjc4YWM2ZDY0MjlmYWY4ZjYxNmNjZTAzNjg0ODU4NWJmYmZmZDVkZjg5NmFiMGNhZmE2NGZjZDIxNTg5YTBmOTZhMWFiNTMwMWJlMDc2ODYxNTNmNTdiOCwxLDE\"]}]}<\/script>\n<!-- \/ Yoast SEO Premium plugin. -->","yoast_head_json":{"title":"My jako pracodawca - RIEDIGER. legal | tax Rechtsanwaltsgesellschaft mbH","description":"Jako pracodawca uwa\u017camy, \u017ce naszym obowi\u0105zkiem jest stworzenie wyj\u0105tkowego \u015brodowiska pracy dla naszych pracownik\u00f3w.","robots":{"index":"index","follow":"follow","max-snippet":"max-snippet:-1","max-image-preview":"max-image-preview:large","max-video-preview":"max-video-preview:-1"},"og_locale":"pl_PL","og_type":"article","og_title":"My jako pracodawca","og_description":"Jako pracodawca uwa\u017camy, \u017ce naszym obowi\u0105zkiem jest stworzenie wyj\u0105tkowego \u015brodowiska pracy dla naszych pracownik\u00f3w.","og_url":"https:\/\/riediger-legal.com\/pl\/my-jako-pracodawca\/","og_site_name":"RIEDIGER. legal | tax Rechtsanwaltsgesellschaft mbH","article_modified_time":"2025-09-30T11:11:48+00:00","twitter_card":"summary_large_image","twitter_misc":{"Szacowany czas czytania":"5 minut"},"schema":{"@context":"https:\/\/schema.org","@graph":[{"@type":"WebPage","@id":"https:\/\/riediger-legal.com\/pl\/my-jako-pracodawca\/","url":"https:\/\/riediger-legal.com\/pl\/my-jako-pracodawca\/","name":"My jako pracodawca - RIEDIGER. legal | tax Rechtsanwaltsgesellschaft mbH","isPartOf":{"@id":"https:\/\/riediger-legal.com\/pl\/#website"},"datePublished":"2024-03-22T14:17:40+00:00","dateModified":"2025-09-30T11:11:48+00:00","description":"Jako pracodawca uwa\u017camy, \u017ce naszym obowi\u0105zkiem jest stworzenie wyj\u0105tkowego \u015brodowiska pracy dla naszych pracownik\u00f3w.","breadcrumb":{"@id":"https:\/\/riediger-legal.com\/pl\/my-jako-pracodawca\/#breadcrumb"},"inLanguage":"pl-PL","potentialAction":[{"@type":"ReadAction","target":["https:\/\/riediger-legal.com\/pl\/my-jako-pracodawca\/"]}]},{"@type":"BreadcrumbList","@id":"https:\/\/riediger-legal.com\/pl\/my-jako-pracodawca\/#breadcrumb","itemListElement":[{"@type":"ListItem","position":1,"name":"Startseite","item":"https:\/\/riediger-legal.com\/pl\/"},{"@type":"ListItem","position":2,"name":"My jako pracodawca"}]},{"@type":"WebSite","@id":"https:\/\/riediger-legal.com\/pl\/#website","url":"https:\/\/riediger-legal.com\/pl\/","name":"RIEDIGER. legal | tax Rechtsanwaltsgesellschaft mbH","description":"","publisher":{"@id":"https:\/\/riediger-legal.com\/pl\/#organization"},"potentialAction":[{"@type":"SearchAction","target":{"@type":"EntryPoint","urlTemplate":"https:\/\/riediger-legal.com\/pl\/?s={search_term_string}"},"query-input":{"@type":"PropertyValueSpecification","valueRequired":true,"valueName":"search_term_string"}}],"inLanguage":"pl-PL"},{"@type":"Organization","@id":"https:\/\/riediger-legal.com\/pl\/#organization","name":"RIEDIGER. legal | tax Rechtsanwaltsgesellschaft mbH","url":"https:\/\/riediger-legal.com\/pl\/","logo":{"@type":"ImageObject","inLanguage":"pl-PL","@id":"https:\/\/riediger-legal.com\/pl\/#\/schema\/logo\/image\/","url":"https:\/\/riediger-legal.com\/wp-content\/uploads\/2024\/10\/Logo.png","contentUrl":"https:\/\/riediger-legal.com\/wp-content\/uploads\/2024\/10\/Logo.png","width":592,"height":354,"caption":"RIEDIGER. legal | tax Rechtsanwaltsgesellschaft mbH"},"image":{"@id":"https:\/\/riediger-legal.com\/pl\/#\/schema\/logo\/image\/"},"sameAs":["https:\/\/www.linkedin.com\/analytics\/creator\/top-posts\/?metricType=IMPRESSIONS&resultType=DUMMY&timeRange=past_7_days&midToken=AQHCpc28UAVXmA&midSig=3_QkfydKYZ0Xo1&trk=eml-email_weekly_analytics_recap-email~weekly~analytics~recap-0-cta~top~performing~post&trkEmail=eml-email_weekly_analytics_recap-email~weekly~analytics~recap-0-cta~top~performing~post-null-au4m5u~lz8aaxki~jh-null-null&eid=au4m5u-lz8aaxki-jh&otpToken=MTQwMDFiZTIxNDJiY2NjY2IyMjQwNGVkNDQxY2U0Yjc4YWM2ZDY0MjlmYWY4ZjYxNmNjZTAzNjg0ODU4NWJmYmZmZDVkZjg5NmFiMGNhZmE2NGZjZDIxNTg5YTBmOTZhMWFiNTMwMWJlMDc2ODYxNTNmNTdiOCwxLDE"]}]}},"_links":{"self":[{"href":"https:\/\/riediger-legal.com\/pl\/wp-json\/wp\/v2\/pages\/4799","targetHints":{"allow":["GET"]}}],"collection":[{"href":"https:\/\/riediger-legal.com\/pl\/wp-json\/wp\/v2\/pages"}],"about":[{"href":"https:\/\/riediger-legal.com\/pl\/wp-json\/wp\/v2\/types\/page"}],"author":[{"embeddable":true,"href":"https:\/\/riediger-legal.com\/pl\/wp-json\/wp\/v2\/users\/3"}],"replies":[{"embeddable":true,"href":"https:\/\/riediger-legal.com\/pl\/wp-json\/wp\/v2\/comments?post=4799"}],"version-history":[{"count":2,"href":"https:\/\/riediger-legal.com\/pl\/wp-json\/wp\/v2\/pages\/4799\/revisions"}],"predecessor-version":[{"id":5860,"href":"https:\/\/riediger-legal.com\/pl\/wp-json\/wp\/v2\/pages\/4799\/revisions\/5860"}],"wp:attachment":[{"href":"https:\/\/riediger-legal.com\/pl\/wp-json\/wp\/v2\/media?parent=4799"}],"curies":[{"name":"wp","href":"https:\/\/api.w.org\/{rel}","templated":true}]}}